{"id":289,"date":"2023-10-09T17:07:30","date_gmt":"2023-10-09T20:07:30","guid":{"rendered":"https:\/\/dbh.com.br\/website\/?page_id=289"},"modified":"2025-02-07T10:57:41","modified_gmt":"2025-02-07T13:57:41","slug":"ficha-tecnica","status":"publish","type":"page","link":"https:\/\/dbh.com.br\/website\/index.php\/ficha-tecnica\/","title":{"rendered":"Ficha T\u00e9cnica Retentores"},"content":{"rendered":"\n<h2 class=\"wp-block-heading has-medium-font-size\">Partes de um retentor e requisitos.<\/h2>\n\n\n\n<div style=\"height:38px\" aria-hidden=\"true\" class=\"wp-block-spacer\"><\/div>\n\n\n\n<div class=\"wp-block-media-text is-stacked-on-mobile\"><figure class=\"wp-block-media-text__media\"><img fetchpriority=\"high\" decoding=\"async\" width=\"768\" height=\"568\" src=\"https:\/\/dbh.com.br\/website\/wp-content\/uploads\/2023\/10\/Retentor1-1-768x568-1.jpg\" alt=\"\" class=\"wp-image-355 size-full\" srcset=\"https:\/\/dbh.com.br\/website\/wp-content\/uploads\/2023\/10\/Retentor1-1-768x568-1.jpg 768w, https:\/\/dbh.com.br\/website\/wp-content\/uploads\/2023\/10\/Retentor1-1-768x568-1-300x222.jpg 300w\" sizes=\"(max-width: 768px) 100vw, 768px\" \/><\/figure><div class=\"wp-block-media-text__content\">\n<ul class=\"has-small-font-size wp-block-list\">\n<li style=\"font-size:12px\">A fun\u00e7\u00e3o do retentor \u00e9 manter um flu\u00eddo, por exemplo \u00f3leo, g\u00e1s etc&#8230;, dentro de um volume, que normalmente se encontra atravessado por um eixo com movimento radial ou axial.<\/li><br>\n\n\n\n<li style=\"font-size:12px\">O retentor vai montado na parte fixa da maquina e tem um l\u00e1bio flex\u00edvel que prende contra o eixo em movimento, impedindo que o flu\u00eddo vaze.<\/li><br>\n\n\n\n<li style=\"font-size:12px\">Os requisitos que deve cumprir um retentor radial, variam dentro de limites muito amplos.  As exig\u00eancias comuns em geral s\u00e3o:<\/li>\n<\/ul>\n\n\n\n<p style=\"font-size:12px\"><br>&#8211; Boas qualidades de selantes.<br>&#8211; Grande resist\u00eancia ao desgaste.<br>&#8211; Boa resist\u00eancia a temperaturas altas ou baixas.<br>&#8211; Facilidade de montagem.<br>&#8211; Longa dura\u00e7\u00e3o<\/p>\n<\/div><\/div>\n\n\n\n<hr class=\"wp-block-separator has-alpha-channel-opacity\"\/>\n\n\n\n<div style=\"height:26px\" aria-hidden=\"true\" class=\"wp-block-spacer\"><\/div>\n\n\n\n<h2 class=\"wp-block-heading has-medium-font-size\">Sele\u00e7\u00e3o do retentor para um correto funcionamento:<\/h2>\n\n\n\n<table style=\"border-collapse:collapse;width:100%;height:180px;border:1px solid #555;font-size:12px\">\n<tbody>\n<tr style=\"height: 36px;background-color: #DDDDDD\">\n<td style=\"width: 21%; text-align: center; height: 36px;\">Desenho<\/td>\n<td style=\"width: 50%; text-align: center; height: 36px;\">Aplica&ccedil;&atilde;o<\/td>\n<td style=\"width: 18%; text-align: center; height: 36px;\">Temp. Cont&iacute;nua<\/td>\n<td style=\"width: 11%; text-align: center; height: 36px;\">Material<\/td>\n<\/tr>\n<tr style=\"height: 18px;border-bottom:1px dashed #555\">\n<td style=\"width: 21%;height: 18px;text-align:center\">\n<img decoding=\"async\" src=\"https:\/\/dbhbrasil.com.br\/websis\/images\/produtos\/MT.png\" style=\"height: 80px;border: 0; vertical-align: middle\" alt=\"\">\n<img decoding=\"async\" src=\"https:\/\/dbhbrasil.com.br\/websis\/images\/produtos\/LT.png\" style=\"height: 80px;border: 0; vertical-align: middle\" alt=\"\">\n<img decoding=\"async\" src=\"https:\/\/dbhbrasil.com.br\/websis\/images\/produtos\/A099.png\" style=\"height: 80px;border: 0; vertical-align: middle\" alt=\"\"><\/td>\n<td style=\"width: 50%; height: 18px;padding:5px\">Retentor para reten\u00e7\u00e3o de graxa e prote\u00e7\u00e3o anti-poeira. Se aplica em trabalhos de baixa velocidade. N\u00e3o lem molas e sua instala\u00e7\u00e3o e com o l\u00e1bio para fora para ortorgar uma m\u00e1xima prote\u00e7\u00e3o contra poeira. N\u00e3o s\u00e3o desenvolvidos para reter \u00f3leos. Usos t\u00edpicos em transportadores e rodas de ve\u00edculos. O tipo A99 pe para servi\u00e7os pesados onde as condi\u00e7\u00f5es de uso s\u00e3o exigentes, como exemplo arado de discos<\/td>\n<td style=\"width: 18%; height: 18px;text-align: center\">\n-40\u00ba a 149\u00baC\n<br>-54\u00ba a 107\u00baC\n<br>-73\u00ba a 163\u00baC\n<\/td>\n<td style=\"width: 11%; height: 18px;text-align: center\">\n<br>ACM<br>NBR<br>MVQ<\/td>\n<\/tr>\n<tr style=\"height: 18px;border-bottom:1px dashed #555\">\n<td style=\"width: 21%; height: 18px;text-align: center\">\n<img decoding=\"async\" src=\"https:\/\/dbhbrasil.com.br\/websis\/images\/produtos\/MZ.png\" style=\"height: 80px;border: 0; vertical-align: middle\" alt=\"\">\n<img decoding=\"async\" src=\"https:\/\/dbhbrasil.com.br\/websis\/images\/produtos\/LZ.png\" style=\"height: 80px;border: 0; vertical-align: middle\" alt=\"\">\n<\/td>\n<td style=\"width: 50%; height: 18px;padding:5px\">Este desenho apresenta um s\u00f3 l\u00e1bio com mola. N\u00e3o levam tampa de prote\u00e7\u00e3o interior. S\u00e3o retentores que se empregam em aplica\u00e7\u00f5es mais econ\u00f3micas.Alguns usos t\u00edpicos s\u00e3o, por exemplo, motores el\u00e9tricos e caixas redutoras de velocidade. Quando as condi\u00e7\u00f5es operativas excedem as indicadas de materiais convencional, pode-se substituir por materiais especiais adequados para cada requerimento<\/td>\n<td style=\"width: 18%; height: 18px;text-align: center\">\n-40\u00b0 a 149\u00b0C\n<br>-54\u00b0 a 107\u00b0C\n<br>-73\u00b0 a 163\u00b0C\n<br>-40\u00b0 a 204\u00b0C<\/td>\n<td style=\"width: 11%; height: 18px;text-align: center\">ACM<br>NBR<br>MVQ<br>FPM<\/td>\n<\/tr>\n<tr style=\"height: 18px;border-bottom:1px dashed #555\">\n<td style=\"width: 21%; height: 18px;text-align: center\">\n<img decoding=\"async\" src=\"https:\/\/dbhbrasil.com.br\/websis\/images\/produtos\/KZ.png\" style=\"height: 80px;border: 0; vertical-align: middle\" alt=\"\">\n<\/td>\n<td style=\"width: 50%; height: 18px;padding:5px\">Desenho com um s\u00f3 l\u00e1bio, com mola e tampa interna para conferir uma maior resist\u00eancia e uma adequada prote\u00e7\u00e3o a zona de reten\u00e7\u00e3o. E recomendado especialmente para aqueles casos os quais o conjunto exio pode chegar a apoiar no retentor. Por geral este tipo de retentor \u00e1 aplicado em eixos de diametro superior a 50mm. Tamb\u00e9m pode ser fabricado em material especial conforme requesitado. <\/td>\n<td style=\"width: 18%; height: 18px;text-align: center\">\n-40\u00b0 a 149\u00b0C\n<br>-54\u00b0 a 107\u00b0C\n<br>-73\u00b0 a 163\u00b0C\n<br>-40\u00b0 a 204\u00b0C<\/td>\n<td style=\"width: 11%; height: 18px;text-align: center\">ACM<br>NBR<br>MVQ<br>FPM<\/td>\n<\/tr>\n<tr style=\"height: 18px;border-bottom:1px dashed #555\">\n<td style=\"width: 21%; height: 18px;text-align: center\">\n<img decoding=\"async\" src=\"https:\/\/dbhbrasil.com.br\/websis\/images\/produtos\/MX.png\" style=\"height: 80px;border: 0; vertical-align: middle\" alt=\"\">\n<img decoding=\"async\" src=\"https:\/\/dbhbrasil.com.br\/websis\/images\/produtos\/LX.png\" style=\"height: 80px;border: 0; vertical-align: middle\" alt=\"\">\n<\/td>\n<td style=\"width: 50%; height: 18px;padding:5px\">Este desenho sem tampa interna.O l\u00e1bio externo proporciona uma boa prote\u00e7\u00e3o anti-poeira e o l\u00e1bio principal leva uma mola, e assegura uma excelente veda\u00e7\u00e3o  do lubrificante. Este desenho \u00e9 usado com materiais convencionais e pode ser fabricado em materiais especiais conforme a aplica\u00e7\u00e3o, caso excedam as normas comuns<\/td>\n<td style=\"width: 18%; height: 18px;text-align: center\">\n<br>-40\u00b0 a 149\u00b0C\n<br>-54\u00b0 a 107\u00b0C\n<br>-73\u00b0 a 163\u00b0C\n<br>-40\u00b0 a 204\u00b0C<\/td>\n<td style=\"width: 11%; height: 18px;text-align: center\">ACM<br>NBR<br>MVQ<br>FPM<\/td>\n<\/tr>\n<tr style=\"height: 18px;border-bottom:1px dashed #555\">\n<td style=\"width: 21%; height: 18px;text-align: center\">\n<img decoding=\"async\" src=\"https:\/\/dbhbrasil.com.br\/websis\/images\/produtos\/KX.png\" style=\"height: 80px;border: 0; vertical-align: middle\" alt=\"\">\n<\/td>\n<td style=\"width: 50%; height: 18px;padding:5px\">Este desenho apresenta a prote\u00e7\u00e3o anti-poeira e excelente veda\u00e7\u00e3o a lubrificantes por conta do l\u00e1bio principal com mola. Cont\u00e9m tampa interna que confere maior resistencia estrutural e o protege na zona de reten\u00e7\u00e3o de modo especial nos casos em que o eixo apoia-se ao retentor.<\/td>\n<td style=\"width: 18%; height: 18px;text-align: center\">\n<br>-40\u00b0 a 149\u00b0C\n<br>-54\u00b0 a 107\u00b0C\n<br>-73\u00b0 a 163\u00b0C\n<br>-40\u00b0 a 204\u00b0C<\/td>\n<td style=\"width: 11%; height: 18px;text-align: center\">ACM<br>NBR<br>MVQ<br>FPM<\/td>\n<\/tr>\n<tr style=\"height: 18px;border-bottom:1px dashed #555\">\n<td style=\"width: 21%; height: 18px;text-align: center\">\n<img decoding=\"async\" src=\"https:\/\/dbhbrasil.com.br\/websis\/images\/produtos\/MR.png\" style=\"height: 80px;border: 0; vertical-align: middle\" alt=\"\">\n<img decoding=\"async\" src=\"https:\/\/dbhbrasil.com.br\/websis\/images\/produtos\/LR.png\" style=\"height: 80px;border: 0; vertical-align: middle\" alt=\"\">\n<img decoding=\"async\" src=\"https:\/\/dbhbrasil.com.br\/websis\/images\/produtos\/KR.png\" style=\"height: 80px;border: 0; vertical-align: middle\" alt=\"\">\n<\/td>\n<td style=\"width: 50%; height: 18px;padding:5px\">Este desenho apresenta duplo l\u00e1bio, ambos com mola, recomendado de maneira especial quando \u00e9 necess\u00e1rio separar os flu\u00eddos. Podem ser construidos em material convencional e especiais de acordo com a necessidade, podendo tamb\u00e9m cada l\u00e1bio ser de diferente material conforme o trabalho a cumprir.<\/td>\n<td style=\"width: 18%; height: 18px;text-align: center\">\n<br>-54\u00b0 a 107\u00b0C\n<br>-40\u00b0 a 204\u00b0C<\/td>\n<td style=\"width: 11%; height: 18px;text-align: center\">NBR<br>FPM<\/td>\n<\/tr>\n<tr style=\"height: 18px;border-bottom:1px dashed #555\">\n<td style=\"width: 21%; height: 18px;text-align: center\">\n<img decoding=\"async\" src=\"https:\/\/dbhbrasil.com.br\/websis\/images\/produtos\/A101.png\" style=\"height: 80px;border: 0; vertical-align: middle\" alt=\"\">\n<img decoding=\"async\" src=\"https:\/\/dbhbrasil.com.br\/websis\/images\/produtos\/A094.png\" style=\"height: 80px;border: 0; vertical-align: middle\" alt=\"\">\n<\/td>\n<td style=\"width: 50%; height: 18px;padding:5px\">Este desenho apresenta labios externos, que cumprem a fun\u00e7\u00e3o de vedar contra o diametro do alojamento, ao girar o retentor que esta montado ao eixo.Existem modelos que possuem mola que atua sobre o l\u00e1bio de reten\u00e7\u00e3o proporcionando uma melhor veda\u00e7\u00e3o. A montagem desse retentor se realiza orientando os labios ao externo opondo-se a entrada de poeira. Sua maior aplica\u00e7\u00e3o geralmente \u00e9 em maquinas agr\u00edcolas.<\/td>\n<td style=\"width: 18%; height: 18px;text-align: center\">\n<br>-40\u00b0 a 149\u00b0C\n<br>-54\u00b0 a 107\u00b0C<\/td>\n<td style=\"width: 11%; height: 18px;text-align: center\">ACM<br>NBR<\/td>\n<\/tr>\n<\/tbody>\n<\/table>\n<table style=\"width: 100%; border-size: 0px\">\n\t<tr  style=\"background-color: #eee\">\n\t\t<td style=\"text-align:left;padding:5px;font-size:10px\">Nos desenhos tipo M se deve indicar que s\u00e3o retentores que clavam fortemente em seu alojamento e n\u00e3o s\u00e3o aptos a trabalhar com alojamentos deteriorados.<br>Os desenhos tipo L se deve indicar que s\u00e3o retentores com maior facilidade de montagem e desmontagem e se adaptam melhor em alojamentos deteriorados.<\/td>\n\t<\/tr>\n<\/table>\n\n\n\n<div class=\"wp-block-media-text is-stacked-on-mobile\" style=\"grid-template-columns:35% auto\"><figure class=\"wp-block-media-text__media\"><img decoding=\"async\" width=\"300\" height=\"300\" src=\"https:\/\/dbh.com.br\/website\/wp-content\/uploads\/2023\/10\/CATALOGOS.png\" alt=\"\" class=\"wp-image-356 size-full\" srcset=\"https:\/\/dbh.com.br\/website\/wp-content\/uploads\/2023\/10\/CATALOGOS.png 300w, https:\/\/dbh.com.br\/website\/wp-content\/uploads\/2023\/10\/CATALOGOS-150x150.png 150w\" sizes=\"(max-width: 300px) 100vw, 300px\" \/><\/figure><div class=\"wp-block-media-text__content\">\n<h2 class=\"wp-block-heading has-medium-font-size\">Consulte medidas aqui no site !<br>Catalogo Online.<\/h2>\n<\/div><\/div>\n","protected":false},"excerpt":{"rendered":"<p>Partes de um retentor e requisitos. Sele\u00e7\u00e3o do retentor para um correto funcionamento: Desenho Aplica&ccedil;&atilde;o Temp. Cont&iacute;nua Material Retentor para reten\u00e7\u00e3o de graxa e prote\u00e7\u00e3o anti-poeira. Se aplica em trabalhos de baixa velocidade. N\u00e3o lem molas e sua instala\u00e7\u00e3o e com o l\u00e1bio para fora para ortorgar uma m\u00e1xima prote\u00e7\u00e3o contra poeira. N\u00e3o s\u00e3o desenvolvidos [&hellip;]<\/p>\n","protected":false},"author":1,"featured_media":0,"parent":0,"menu_order":0,"comment_status":"closed","ping_status":"closed","template":"","meta":{"footnotes":""},"class_list":["post-289","page","type-page","status-publish","hentry"],"_links":{"self":[{"href":"https:\/\/dbh.com.br\/website\/index.php\/wp-json\/wp\/v2\/pages\/289","targetHints":{"allow":["GET"]}}],"collection":[{"href":"https:\/\/dbh.com.br\/website\/index.php\/wp-json\/wp\/v2\/pages"}],"about":[{"href":"https:\/\/dbh.com.br\/website\/index.php\/wp-json\/wp\/v2\/types\/page"}],"author":[{"embeddable":true,"href":"https:\/\/dbh.com.br\/website\/index.php\/wp-json\/wp\/v2\/users\/1"}],"replies":[{"embeddable":true,"href":"https:\/\/dbh.com.br\/website\/index.php\/wp-json\/wp\/v2\/comments?post=289"}],"version-history":[{"count":30,"href":"https:\/\/dbh.com.br\/website\/index.php\/wp-json\/wp\/v2\/pages\/289\/revisions"}],"predecessor-version":[{"id":655,"href":"https:\/\/dbh.com.br\/website\/index.php\/wp-json\/wp\/v2\/pages\/289\/revisions\/655"}],"wp:attachment":[{"href":"https:\/\/dbh.com.br\/website\/index.php\/wp-json\/wp\/v2\/media?parent=289"}],"curies":[{"name":"wp","href":"https:\/\/api.w.org\/{rel}","templated":true}]}}