{"id":433,"date":"2023-10-12T08:25:02","date_gmt":"2023-10-12T11:25:02","guid":{"rendered":"https:\/\/dbh.com.br\/website\/?page_id=433"},"modified":"2023-10-20T22:21:16","modified_gmt":"2023-10-21T01:21:16","slug":"catalogo","status":"publish","type":"page","link":"https:\/\/dbh.com.br\/website\/index.php\/catalogo\/","title":{"rendered":"Cat\u00e1logo"},"content":{"rendered":"\n<p class=\"has-text-align-center has-medium-font-size\">Consulta Medidas, Aplica\u00e7\u00e3o, Convers\u00e3o etc&#8230;<\/p>\n\n\n<style type=\"text\/css\">\r\n       .errordiv { padding:10px; margin:10px; border: 1px solid #555555;color: #000000;background-color: #f8f8f8; width:500px; }#iframe1 {visibility:visible;opacity:1;vertical-align:top;}.ai-info-bottom-iframe { position: fixed; z-index: 10000; bottom:0; left: 0; margin: 0px; text-align: center; width: 100%; background-color: #ff9999; padding-left: 5px;padding-bottom: 5px; border-top: 1px solid #aaa } a.ai-bold {font-weight: bold;}#ai-layer-div-iframe1 p {height:100%;margin:0;padding:0}<\/style><script type=\"text\/javascript\">var ai_iframe_width_iframe1 = 0;var ai_iframe_height_iframe1 = 0;var aiIsIe8=false;var aiOnloadScrollTop=\"true\";var aiShowDebug=false;\r\n\t\tif (typeof aiReadyCallbacks === 'undefined') {\r\n\t\t\tvar aiReadyCallbacks = [];  \r\n\t\t} else if (!(aiReadyCallbacks instanceof Array)) {\r\n\t\t\tvar aiReadyCallbacks = [];\r\n\t\t}    function aiShowIframeId(id_iframe) { jQuery(\"#\"+id_iframe).css(\"visibility\", \"visible\");    }    function aiResizeIframeHeight(height) { aiResizeIframeHeight(height,iframe1); }    function aiResizeIframeHeightId(height,width,id) {aiResizeIframeHeightById(id,height);}<\/script><iframe id=\"iframe1\"  name=\"iframe1\"  src=\"https:\/\/dbhbrasil.com.br\/catalogo\/catalogo.php\"  width=\"100%\"  height=\"800px\"  frameborder=\"0\"  allowtransparency=\"true\"  loading=\"lazy\"  style=\";width:100%;height:800px;\"  onload='aiResizeIframe(this, &quot;true&quot;,&quot;1&quot;)' ><\/iframe><script type=\"text\/javascript\">var ifrm_iframe1 = document.getElementById(\"iframe1\");var hiddenTabsDoneiframe1 = false;\r\nfunction resizeCallbackiframe1() {}<\/script><script type=\"text\/javascript\"><\/script>\n\n\n\n<div class=\"wp-block-buttons is-layout-flex wp-block-buttons-is-layout-flex\"><\/div>\n\n\n\n<h2 class=\"wp-block-heading has-text-align-center has-small-font-size\">Baixa nosso cat\u00e1logo para dispositivos m\u00f3veis<\/h2>\n\n\n\n<div class=\"wp-block-columns is-layout-flex wp-container-core-columns-is-layout-9d6595d7 wp-block-columns-is-layout-flex\">\n<div class=\"wp-block-column is-layout-flow wp-block-column-is-layout-flow\"><div class=\"wp-block-image\">\n<figure class=\"aligncenter size-full is-resized\"><a href=\"https:\/\/www.ideia2001.com.br\/CatExp\/AUAAL\/InstalarCatalogoDBH.exe\"><img fetchpriority=\"high\" decoding=\"async\" width=\"646\" height=\"250\" src=\"https:\/\/dbh.com.br\/website\/wp-content\/uploads\/2023\/10\/playstore.png\" alt=\"\" class=\"wp-image-587\" style=\"aspect-ratio:2.584;width:189px;height:auto\" srcset=\"https:\/\/dbh.com.br\/website\/wp-content\/uploads\/2023\/10\/playstore.png 646w, https:\/\/dbh.com.br\/website\/wp-content\/uploads\/2023\/10\/playstore-300x116.png 300w\" sizes=\"(max-width: 646px) 100vw, 646px\" \/><\/a><\/figure>\n<\/div><\/div>\n\n\n\n<div class=\"wp-block-column is-layout-flow wp-block-column-is-layout-flow\"><div class=\"wp-block-image\">\n<figure class=\"aligncenter size-full is-resized\"><a href=\"https:\/\/www.ideia2001.com.br\/CatExp\/AUAAL\/InstalarCatalogoDBH.exe\"><img decoding=\"async\" width=\"1300\" height=\"400\" src=\"https:\/\/dbh.com.br\/website\/wp-content\/uploads\/2023\/10\/apple.png\" alt=\"\" class=\"wp-image-588\" style=\"aspect-ratio:3.25;width:221px;height:auto\" srcset=\"https:\/\/dbh.com.br\/website\/wp-content\/uploads\/2023\/10\/apple.png 1300w, https:\/\/dbh.com.br\/website\/wp-content\/uploads\/2023\/10\/apple-300x92.png 300w, https:\/\/dbh.com.br\/website\/wp-content\/uploads\/2023\/10\/apple-1024x315.png 1024w, https:\/\/dbh.com.br\/website\/wp-content\/uploads\/2023\/10\/apple-768x236.png 768w\" sizes=\"(max-width: 1300px) 100vw, 1300px\" \/><\/a><\/figure>\n<\/div><\/div>\n<\/div>\n","protected":false},"excerpt":{"rendered":"<p>Consulta Medidas, Aplica\u00e7\u00e3o, Convers\u00e3o etc&#8230; Baixa nosso cat\u00e1logo para dispositivos m\u00f3veis<\/p>\n","protected":false},"author":1,"featured_media":0,"parent":0,"menu_order":0,"comment_status":"closed","ping_status":"closed","template":"templates\/template-page-full-width.php","meta":{"footnotes":""},"class_list":["post-433","page","type-page","status-publish","hentry"],"_links":{"self":[{"href":"https:\/\/dbh.com.br\/website\/index.php\/wp-json\/wp\/v2\/pages\/433","targetHints":{"allow":["GET"]}}],"collection":[{"href":"https:\/\/dbh.com.br\/website\/index.php\/wp-json\/wp\/v2\/pages"}],"about":[{"href":"https:\/\/dbh.com.br\/website\/index.php\/wp-json\/wp\/v2\/types\/page"}],"author":[{"embeddable":true,"href":"https:\/\/dbh.com.br\/website\/index.php\/wp-json\/wp\/v2\/users\/1"}],"replies":[{"embeddable":true,"href":"https:\/\/dbh.com.br\/website\/index.php\/wp-json\/wp\/v2\/comments?post=433"}],"version-history":[{"count":18,"href":"https:\/\/dbh.com.br\/website\/index.php\/wp-json\/wp\/v2\/pages\/433\/revisions"}],"predecessor-version":[{"id":589,"href":"https:\/\/dbh.com.br\/website\/index.php\/wp-json\/wp\/v2\/pages\/433\/revisions\/589"}],"wp:attachment":[{"href":"https:\/\/dbh.com.br\/website\/index.php\/wp-json\/wp\/v2\/media?parent=433"}],"curies":[{"name":"wp","href":"https:\/\/api.w.org\/{rel}","templated":true}]}}