{"id":83,"date":"2023-10-06T09:24:11","date_gmt":"2023-10-06T12:24:11","guid":{"rendered":"https:\/\/dbh.com.br\/website\/?page_id=83"},"modified":"2025-08-26T11:54:43","modified_gmt":"2025-08-26T14:54:43","slug":"a-empresa","status":"publish","type":"page","link":"https:\/\/dbh.com.br\/website\/index.php\/a-empresa\/","title":{"rendered":"A DBH"},"content":{"rendered":"\n<hr class=\"wp-block-separator has-alpha-channel-opacity\"\/>\n\n\n\n<p style=\"font-size:12px\">        Fundada no ano de 1986 na cidade de Ros\u00e1rio, Provincia de Santa F\u00e9, \u00e9 pioneira na fabrica\u00e7\u00e3o de pe\u00e7as de metal borracha destinadas ao mercado de reposi\u00e7\u00e3o nos segmentos automotivo, industrial e agr\u00edcola.<\/p>\n\n\n\n<p style=\"font-size:12px\">        Em constante crescimento, ao longo dos anos, temos alcan\u00e7ado grande destaque na produ\u00e7\u00e3o de retentores marca DBH.<br>Nossa qualidade e prest\u00edgio foram as chaves para firmarmos em todo mercado nacional Argentino, e em pouco tempo expandindo a pa\u00edses da Am\u00e9rica como: Brasil, Chile, M\u00e9xico, Paraguai, Peru, Uruguai, Venezuela e tamb\u00e9m Estados Unidos.<\/p>\n\n\n\n<p style=\"font-size:12px\">        Com esp\u00edrito familiar, a empresa conta hoje com 130 colaboradores e 4000m2 de area para produ\u00e7\u00e3o, de onde parte mais de 300 desenhos que superam uma variedade de 3500 medidas.<\/p>\n\n\n\n<p style=\"font-size:12px\">        Ao longo de sua hist\u00f3ria, o respeito e o reconhecimento que tem a Di Benedetto Hnos, se baseia n\u00e3o s\u00f3 em suas invers\u00f5es e coer\u00eancia para gerar neg\u00f3cios, como fundamentalmente na conduta e exerc\u00edcio profissional de toda a equipe.<\/p>\n\n\n\n<p style=\"font-size:12px\">       Nossa certifica\u00e7\u00e3o ISO, o SGC foi implementado desde 1998 e foi adptando-se o mesmo as diferentes normas e situa\u00e7\u00f5es particulares dos processos, produtos e requisitos de nossos clientes. A norma ISO 9001 \u00e9 modificada a cada quatro anos e atualmente se encontra na vig\u00eancia da vers\u00e3o 2008.<\/p>\n\n\n\n<p style=\"font-size:12px\">        Em Julho de 2014, foi implantado o canal de distribui\u00e7\u00e3o dos retentores DBH no Brasil, sob a denomina\u00e7\u00e3o de Dbeati Com\u00e9rcio de Retentores Ltda, com sede localizada no munic\u00edpio de<br>S\u00e3o Paulo &#8211; SP, com amplo estoque local pronto para atender a todo o territ\u00f3rio nacional Brasileiro.<\/p>\n\n\n\n<hr class=\"wp-block-separator has-alpha-channel-opacity\"\/>\n\n\n\n<div class=\"wp-block-columns has-x-large-font-size is-layout-flex wp-container-core-columns-is-layout-9d6595d7 wp-block-columns-is-layout-flex\">\n<div class=\"wp-block-column is-layout-flow wp-block-column-is-layout-flow\">\n<figure class=\"wp-block-image size-full is-resized\"><img fetchpriority=\"high\" decoding=\"async\" width=\"400\" height=\"520\" src=\"https:\/\/dbh.com.br\/website\/wp-content\/uploads\/2023\/10\/certificado.png\" alt=\"\" class=\"wp-image-285\" style=\"object-fit:contain;width:416px;height:600px\" srcset=\"https:\/\/dbh.com.br\/website\/wp-content\/uploads\/2023\/10\/certificado.png 400w, https:\/\/dbh.com.br\/website\/wp-content\/uploads\/2023\/10\/certificado-231x300.png 231w\" sizes=\"(max-width: 400px) 100vw, 400px\" \/><\/figure>\n<\/div>\n\n\n\n<div class=\"wp-block-column has-medium-font-size is-layout-flow wp-block-column-is-layout-flow\">\n<figure class=\"wp-block-video\"><video height=\"1280\" style=\"aspect-ratio: 720 \/ 1280;\" width=\"720\" autoplay controls muted preload=\"auto\" src=\"https:\/\/dbh.com.br\/website\/wp-content\/uploads\/2025\/08\/ig_video_1756126172.mp4\"><\/video><\/figure>\n<\/div>\n<\/div>\n\n\n\n<p style=\"font-size:12px\">         Na&nbsp;<strong>DBH<\/strong>&nbsp;existe un&nbsp;<strong>Sistema de Gest\u00e3o de Qualidade<\/strong>&nbsp;que esta sob a norma&nbsp;<strong>ISO 9001<\/strong>.<br>         A norma \u00e9 de car\u00e1cter internacional e portanto seus requisitos s\u00e3o aplic\u00e1veis em qualquer parte do mundo onde a utilizem.<br>        Esta norma pode ser aplicada em sistemas de gest\u00e3o em diferentes tipos de organiza\u00e7\u00f5es e n\u00e3o \u00e9 de uso exclusivo do mercado de pe\u00e7as de reposi\u00e7\u00e3o, mas isso \u00e9 a base \u00e1ra as normas aplicadas por este setor como por exemplo: TS 16949 e outras.<br>       Na <strong>DBH<\/strong>&nbsp;foi implementado o SGC baseado nesta norma desde 1998 e foi se adaptando ao mesmo a diferentes mudan\u00e7as e situa\u00e7\u00f5es particulares em cada processo, produto e requisitos de nossos clientes. <br>       A norma&nbsp;<strong>ISO 9001<\/strong>&nbsp;\u00e9 modificada a cada quatro anos e atualmente se encontra na vig\u00eancia da vers\u00e3o 2008.<br>       Focar na gest\u00e3o de qualidade em um sistema permite definir e controlar itens importantes como:<\/p>\n\n\n\n<p style=\"font-size:12px\"><strong>\u2013 Pol\u00edtica da empresa<br>\u2013 Objetivos da qualidade<br>\u2013 Organograma<br>\u2013 Mapa de processos<br>\u2013 Auditorias internas<br>\u2013 Reclama\u00e7\u00f5es de clientes<br>\u2013 Capacita\u00e7\u00e3o ( RR HH)<br>\u2013 A\u00e7\u00f5es de Melhorias<br>\u2013 Revis\u00e3o pela Dire\u00e7\u00e3o<\/strong><\/p>\n\n\n\n<hr class=\"wp-block-separator has-alpha-channel-opacity\"\/>\n","protected":false},"excerpt":{"rendered":"<p>Fundada no ano de 1986 na cidade de Ros\u00e1rio, Provincia de Santa F\u00e9, \u00e9 pioneira na fabrica\u00e7\u00e3o de pe\u00e7as de metal borracha destinadas ao mercado de reposi\u00e7\u00e3o nos segmentos automotivo, industrial e agr\u00edcola. Em constante crescimento, ao longo dos anos, temos alcan\u00e7ado grande destaque na produ\u00e7\u00e3o de retentores marca DBH.Nossa qualidade e prest\u00edgio foram as [&hellip;]<\/p>\n","protected":false},"author":1,"featured_media":226,"parent":0,"menu_order":0,"comment_status":"closed","ping_status":"closed","template":"","meta":{"footnotes":""},"class_list":["post-83","page","type-page","status-publish","has-post-thumbnail","hentry"],"_links":{"self":[{"href":"https:\/\/dbh.com.br\/website\/index.php\/wp-json\/wp\/v2\/pages\/83","targetHints":{"allow":["GET"]}}],"collection":[{"href":"https:\/\/dbh.com.br\/website\/index.php\/wp-json\/wp\/v2\/pages"}],"about":[{"href":"https:\/\/dbh.com.br\/website\/index.php\/wp-json\/wp\/v2\/types\/page"}],"author":[{"embeddable":true,"href":"https:\/\/dbh.com.br\/website\/index.php\/wp-json\/wp\/v2\/users\/1"}],"replies":[{"embeddable":true,"href":"https:\/\/dbh.com.br\/website\/index.php\/wp-json\/wp\/v2\/comments?post=83"}],"version-history":[{"count":23,"href":"https:\/\/dbh.com.br\/website\/index.php\/wp-json\/wp\/v2\/pages\/83\/revisions"}],"predecessor-version":[{"id":677,"href":"https:\/\/dbh.com.br\/website\/index.php\/wp-json\/wp\/v2\/pages\/83\/revisions\/677"}],"wp:featuredmedia":[{"embeddable":true,"href":"https:\/\/dbh.com.br\/website\/index.php\/wp-json\/wp\/v2\/media\/226"}],"wp:attachment":[{"href":"https:\/\/dbh.com.br\/website\/index.php\/wp-json\/wp\/v2\/media?parent=83"}],"curies":[{"name":"wp","href":"https:\/\/api.w.org\/{rel}","templated":true}]}}